{"id":194,"date":"2016-08-26T09:41:07","date_gmt":"2016-08-26T08:41:07","guid":{"rendered":"https:\/\/fuenteelpino.com\/?page_id=194"},"modified":"2021-01-28T20:28:01","modified_gmt":"2021-01-28T19:28:01","slug":"politica-de-cookies","status":"publish","type":"page","link":"https:\/\/fuenteelpino.com\/en\/politica-de-cookies\/","title":{"rendered":"Cookies Policy"},"content":{"rendered":"<p>El sitio www.fuenteelpino.com (en adelante, el \u201cSitio Web\u201d) es propiedad de SAT N.8369 FUENTE EL PINO, con CIF. F-46.620.126 (en adelante, la \u201cEMPRESA\u201d), y domicilio en Pol. El Ca\u00f1uelo Calle La Rambla, 1; DP.: 14546 Santaella (C\u00f3rdoba).<\/p>\n<\/p>\n<p><strong>Qu\u00e9 son las cookies y para qu\u00e9 las utilizamos<\/strong><\/p>\n<\/p>\n<p>Este sitio web utiliza cookies y\/o tecnolog\u00edas similares que almacenan y recuperan informaci\u00f3n cuando navegas. En general, estas tecnolog\u00edas pueden servir para finalidades muy diversas, como, por ejemplo, reconocerte como usuario, obtener informaci\u00f3n sobre tus h\u00e1bitos de navegaci\u00f3n, o personalizar la forma en que se muestra el contenido. Los usos concretos que hacemos de estas tecnolog\u00edas se describen a continuaci\u00f3n.<\/p>\n<\/p>\n<p><strong>Tipos de Cookies<\/strong><\/p>\n<\/p>\n<ol>\n<li>\n<p><u>Seg\u00fan la entidad que las gestione:<\/u><\/p>\n<ul>\n<li>\n<p><em><strong>Cookies propias: <\/strong><\/em> Son aquellas que se env\u00edan al equipo terminal del usuario desde un equipo o dominio gestionado por el propio nuestra Entidad y desde el que se presta el servicio solicitado por el usuario.<\/p>\n<\/li>\n<li>\n<p><em><strong>Cookies de tercero:<\/strong><\/em> Son aquellas que se env\u00edan al equipo terminal del usuario desde un equipo o dominio que no es gestionado por nuestra Entidad, sino por otra organizaci\u00f3n que trata los datos obtenidos a trav\u00e9s de las cookies.<\/p>\n<\/li>\n<\/ul>\n<\/li>\n<\/ol>\n<ol>\n<li>\n<p><u>Por su duraci\u00f3n:<\/u><\/p>\n<ul>\n<li>\n<p><em><strong>Cookies de sesi\u00f3n:<\/strong><\/em> Son cookies temporales que ser\u00e1n almacenadas en el navegador hasta que abandone la p\u00e1gina web. Este tipo de cookies sirven par mantener un seguimiento de los movimientos del usuario en el sitio web, de forma que evitar\u00e1 que se pida informaci\u00f3n que ha sido proporcionada con anterioridad.<\/p>\n<\/li>\n<li>\n<p><em><strong>Cookies persistentes: <\/strong><\/em>Son cookies almacenadas en el disco duro y nuestra web las lee cada vez que el usuario acceda a este sitio web. Estas cookies permanecer\u00e1n almacenadas en el equipo inform\u00e1tico del usuario hasta su fecha de expiraci\u00f3n determinada en la cual la misma deja de funcionar.<\/p>\n<\/li>\n<\/ul>\n<\/li>\n<\/ol>\n<ol>\n<li>\n<p><u>Seg\u00fan su finalidad:<\/u><\/p>\n<ul>\n<li>\n<p><em><strong>Cookies t\u00e9cnicas o necesarias:<\/strong><\/em> Estas cookies son necesarias para el correcto uso de la p\u00e1gina web y la navegaci\u00f3n por la misma, permitiendo que sea utilizable activando funciones b\u00e1sicas, as\u00ed como el acceso a secciones que cuentan con filtros de seguridad. Sin estas cookies, muchos de los servicios disponibles no estar\u00edan operativos.<\/p>\n<\/li>\n<li>\n<p><em><strong>Cookies de preferencias o personalizaci\u00f3n:<\/strong><\/em> Estas cookies nos permiten recordar la informaci\u00f3n relevante para poder diferenciar a los usuarios y ofrecerles una experiencia personal, as\u00ed como crear un perfil basado en sus h\u00e1bitos de navegaci\u00f3n. Entre estas cookies se encuentran el idioma, el n\u00famero de resultados a mostrar cuando el usuario realiza una b\u00fasqueda, el aspecto o contenido del servicio en funci\u00f3n del tipo de navegador o de la regi\u00f3n desde la que accede al servicio, etc.).<\/p>\n<\/li>\n<li>\n<p><em><strong>Cookies de an\u00e1lisis o medici\u00f3n:<\/strong><\/em> Estas cookies nos permiten el seguimiento y an\u00e1lisis del uso de nuestra web por los usuarios. La informaci\u00f3n recogida mediante este tipo de cookies la utilizamos para cuantificar los impactos de los anuncios incluidos y medir la actividad de la web, todo ello para poder introducir mejoras en funci\u00f3n de esos datos.<\/p>\n<\/li>\n<li>\n<p><em><strong>Cookies de publicidad:<\/strong><\/em> Estas cookies almacenan informaci\u00f3n del comportamiento de los usuarios obtenida a trav\u00e9s de la observaci\u00f3n continuada de sus h\u00e1bitos de navegaci\u00f3n, lo que permite ofrecer publicidad dirigida y personalizada en funci\u00f3n del perfil de los usuarios u ofrecerles publicidad no personalizada cuando no contemos con dicho perfil. Rechazar estas cookies no significa que el usuario vea menos publicidad, pero la publicidad a la que acceda ser\u00e1 m\u00e1s gen\u00e9rica y menos enfocada a sus gustos.<\/p>\n<\/li>\n<\/ul>\n<\/li>\n<\/ol>\n<\/p>\n<p><strong>Qu\u00e9 cookies utiliza este sitio web<\/strong><\/p>\n<p>Navegar por este sitio web supone que se puedan instalar los siguientes tipos de cookies:<\/p>\n<\/p>\n<p><strong>Ejemplo <\/strong><\/p>\n<\/p>\n<table>\n<tbody>\n<tr style=\"height: 31px;\">\n<td style=\"height: 31px;\">\n<p><strong>Nombre<\/strong><\/p>\n<\/td>\n<td style=\"height: 31px;\">\n<p><strong>Proveedor<\/strong><\/p>\n<\/td>\n<td style=\"height: 31px;\">\n<p><strong>Modalidad<\/strong><\/p>\n<\/td>\n<td style=\"height: 31px;\">\n<p><strong>Prop\u00f3sito<\/strong><\/p>\n<\/td>\n<td style=\"height: 31px;\">\n<p><strong>Duraci\u00f3n<\/strong><\/p>\n<\/td>\n<td style=\"height: 31px;\">\n<p><strong>Tipo<\/strong><\/p>\n<\/td>\n<\/tr>\n<tr style=\"height: 51px;\">\n<td style=\"height: 51px;\">\n<p><strong>qtrans_front_language<\/strong><\/p>\n<\/td>\n<td style=\"height: 51px;\">\n<p><em>fuenteelpino.com<\/em><\/p>\n<\/td>\n<td style=\"height: 51px;\">Preferencias<\/td>\n<td style=\"height: 51px;\">\n<p>Registra la selecci\u00f3n del idioma de la web<\/p>\n<\/td>\n<td style=\"height: 51px;\">\n<p>1 a\u00f1o<\/p>\n<\/td>\n<td style=\"height: 51px;\">\n<p>HTTP<\/p>\n<\/td>\n<\/tr>\n<tr style=\"height: 41px;\">\n<td style=\"height: 41px;\"> <strong>wpl_user_preference<\/strong><\/td>\n<td style=\"height: 41px;\">fuenteelpino.com<\/td>\n<td style=\"height: 41px;\"> Preferencias<\/td>\n<td style=\"height: 41px;\">Conserva los estados de los usuarios en todas las peticiones de la p\u00e1gina.<\/td>\n<td style=\"height: 41px;\"> 1 a\u00f1o<\/td>\n<td style=\"height: 41px;\"> HTTP<\/td>\n<\/tr>\n<tr style=\"height: 21px;\">\n<td style=\"height: 21px;\"><strong> PHPSESSID<\/strong><\/td>\n<td style=\"height: 21px;\"> fuenteelpino.com<\/td>\n<td style=\"height: 21px;\"> Necesarias<\/td>\n<td style=\"height: 21px;\"> Conserva los estados de los usuarios en todas las peticiones de la p\u00e1gina.<\/td>\n<td style=\"height: 21px;\"> 1 d\u00eda<\/td>\n<td style=\"height: 21px;\"> HTTP<\/td>\n<\/tr>\n<\/tbody>\n<\/table>\n<\/p>\n<p>Cookies t\u00e9cnicas o necesarias (necesarias).<\/p>\n<p>Cookies de preferencias o personalizaci\u00f3n (preferencias).<\/p>\n<p>Cookies de an\u00e1lisis o medici\u00f3n (estad\u00edstica).<\/p>\n<p>Cookies de publicidad (publicidad).<\/p>\n<\/p>\n<p>El usuario acepta expresamente, por la utilizaci\u00f3n de este Site, el tratamiento de la informaci\u00f3n recabada en la forma y con los fines anteriormente mencionados. Y asimismo, reconoce conocer la posibilidad de rechazar el tratamiento de tales datos o informaci\u00f3n rechazando el uso de Cookies mediante la selecci\u00f3n de la configuraci\u00f3n apropiada a tal fin en su navegador. Si bien esta opci\u00f3n de bloqueo de Cookies en su navegador puede no permitirle el uso pleno de todas las funcionalidades del Website.<\/p>\n<\/p>\n<p>El usuario puede informarse de las transferencias a terceros pa\u00edses que, en su caso, realizan los terceros identificados en este pol\u00edtica de cookies en sus correspondientes pol\u00edticas (ver los enlaces facilitados en el apartado \u201cProveedor\u201d del anterior cuadro de Cookies).<\/p>\n<\/p>\n<p>Para el resto de informaci\u00f3n exigida por el art\u00edculo 13 del RGPD, el usuario podr\u00e1 consultarla en nuestra \u201cPol\u00edtica de Privacidad\u201d <em>(enlace a la Pol\u00edtica de Privacidad de la web)<\/em><\/p>\n<\/p>\n<p><strong>\u00bfSe pueden desactivar o eliminar las cookies?<\/strong><\/p>\n<\/p>\n<p>Usted puede rechazar el tratamiento de los datos o informaci\u00f3n recogidos por las cookies en cualquier momento, mediante la \u201cConfiguraci\u00f3n de las cookies\u201d <em>(enlazar con el apartado 3)<\/em>, as\u00ed como por las opciones de su navegador de Internet. Puede permitir, bloquear (de forma general o particular para un dominio espec\u00edfico) o eliminar las cookies instaladas en su equipo.<\/p>\n<p>Para m\u00e1s informaci\u00f3n sobre <strong>Firefox <\/strong>pulse aqu\u00ed:<\/p>\n<p><u><a href=\"http:\/\/support.mozilla.org\/es\/kb\/cookies-informacion-que-los-sitios-web-guardan-en-#w_configurar-las-cookies\">http:\/\/support.mozilla.org\/es\/kb\/cookies-informacion-que-los-sitios-web-guardan-en-#w_configurar-las-cookies<\/a><\/u>.<\/p>\n<p>Para m\u00e1s informaci\u00f3n sobre <strong>Chrome <\/strong>pulse aqu\u00ed:<\/p>\n<p><u><a href=\"http:\/\/support.google.com\/chrome\/bin\/answer.py?hl=es&amp;answer=95647\">http:\/\/support.google.com\/chrome\/bin\/answer.py?hl=es&amp;answer=95647<\/a><\/u>.<\/p>\n<p>Para m\u00e1s informaci\u00f3n sobre <strong>Explorer<\/strong> pulse aqu\u00ed:<\/p>\n<p><u><a href=\"https:\/\/support.microsoft.com\/es-es\/help\/17442\/windows-internet-explorer-delete-manage-cookies\">https:\/\/support.microsoft.com\/es-es\/help\/17442\/windows-internet-explorer-delete-manage-cookies<\/a><\/u><\/p>\n<p>Para m\u00e1s informaci\u00f3n sobre <strong>Safari<\/strong> pulse aqu\u00ed:<\/p>\n<p><u><a href=\"http:\/\/support.apple.com\/kb\/ph5042\">http:\/\/support.apple.com\/kb\/ph5042<\/a><\/u>.<\/p>\n<p>Para m\u00e1s informaci\u00f3n sobre <strong>Opera<\/strong> pulse aqu\u00ed:<\/p>\n<p><u><a href=\"http:\/\/help.opera.com\/Windows\/11.50\/esES\/cookies.html\">http:\/\/help.opera.com\/Windows\/11.50\/esES\/cookies.html<\/a><\/u>.<\/p>\n","protected":false},"excerpt":{"rendered":"<p>El sitio www.fuenteelpino.com (en adelante, el \u201cSitio Web\u201d) es propiedad de SAT N.8369 FUENTE EL PINO, con CIF. F-46.620.126 (en adelante, la \u201cEMPRESA\u201d), y domicilio [&hellip;]<\/p>\n","protected":false},"author":1,"featured_media":0,"parent":0,"menu_order":0,"comment_status":"closed","ping_status":"closed","template":"","meta":{"_acf_changed":false,"footnotes":""},"class_list":["post-194","page","type-page","status-publish","hentry"],"acf":[],"aioseo_notices":[],"_links":{"self":[{"href":"https:\/\/fuenteelpino.com\/en\/wp-json\/wp\/v2\/pages\/194","targetHints":{"allow":["GET"]}}],"collection":[{"href":"https:\/\/fuenteelpino.com\/en\/wp-json\/wp\/v2\/pages"}],"about":[{"href":"https:\/\/fuenteelpino.com\/en\/wp-json\/wp\/v2\/types\/page"}],"author":[{"embeddable":true,"href":"https:\/\/fuenteelpino.com\/en\/wp-json\/wp\/v2\/users\/1"}],"replies":[{"embeddable":true,"href":"https:\/\/fuenteelpino.com\/en\/wp-json\/wp\/v2\/comments?post=194"}],"version-history":[{"count":9,"href":"https:\/\/fuenteelpino.com\/en\/wp-json\/wp\/v2\/pages\/194\/revisions"}],"predecessor-version":[{"id":290,"href":"https:\/\/fuenteelpino.com\/en\/wp-json\/wp\/v2\/pages\/194\/revisions\/290"}],"wp:attachment":[{"href":"https:\/\/fuenteelpino.com\/en\/wp-json\/wp\/v2\/media?parent=194"}],"curies":[{"name":"wp","href":"https:\/\/api.w.org\/{rel}","templated":true}]}}