{"id":208,"date":"2016-09-01T12:52:39","date_gmt":"2016-09-01T11:52:39","guid":{"rendered":"https:\/\/fuenteelpino.com\/?page_id=208"},"modified":"2018-02-15T08:43:00","modified_gmt":"2018-02-15T07:43:00","slug":"politica-de-privacidad-de-datos","status":"publish","type":"page","link":"https:\/\/fuenteelpino.com\/en\/politica-de-privacidad-de-datos\/","title":{"rendered":"Data Privacy Policy"},"content":{"rendered":"<p><\/p>\n<p style=\"text-align: justify;\">SAT N. 8369 FUENTE EL PINO, con NIF. F-46.620.126 (en delante, la \u201cEMPRESA\u201d) es el titular del sitio web www.fuenteelpino.com (en adelante el \u201cSitio Web\u201d), con domicilio en Calle Sebasti\u00e1n Ballesteros, 2, Pol. Ind. El Ca\u00f1uelo; DP: 14546 de Santaella (C\u00f3rdoba).<\/p>\n<p style=\"text-align: justify;\">La empresa le garantiza la protecci\u00f3n de todos los datos de car\u00e1cter personal que proporcione el Usuario en el \u201cSitio Web\u201d y, en cumplimiento de lo dispuesto en la Ley Org\u00e1nica 15\/1999, de 13 de diciembre de Protecci\u00f3n de Datos de Car\u00e1cter Personal, en le RD 1720\/2007 de 21 de diciembre y restante normativa de aplicaci\u00f3n, le informa que:<\/p>\n<ol style=\"text-align: justify; list-style-type: lower-latin;\">\n<li>Todos los datos de car\u00e1cter personal facilitados a la EMPRESA ser\u00e1n tratados por \u00e9sta de acuerdo con la Ley Org\u00e1nica 15\/1999 de 13 de diciembre de Protecci\u00f3n de Datos de Car\u00e1cter Personal y el RD 1720\/2007 de 21 de diciembre y quedar\u00e1n incorporados en el fichero USUARIOS WEB, creado y mantenido bajo la responsabilidad de la EMPRESA, el cual ha sido debidamente registrado en la Agencia Espa\u00f1ola de Protecci\u00f3n de Datos.<\/li>\n<li>Los datos son recabados con las siguientes finalidades: selecci\u00f3n de personal, gesti\u00f3n, estudio y resoluci\u00f3n de consultas &#8211; env\u00edo de publicidad y prospecci\u00f3n comercial por medios electr\u00f3nicos, acerca de la empresa, sus actividades, productos y servicios, as\u00ed como documentaci\u00f3n de diversa naturaleza.<\/li>\n<li>En la recogida y el tratamiento de los datos de car\u00e1cter personal se han adoptado las medidas de seguridad adecuadas para evitar la p\u00e9rdida, el acceso no autorizado o la manipulaci\u00f3n de los mismos, de acuerdo con lo establecido en el Real Decreto 1720\/2007, de 21 de diciembre.<\/li>\n<li>La EMPRESA se compromete a proteger la informaci\u00f3n confidencial a la que tenga acceso. La EMPRESA no emplear\u00e1 en ning\u00fan caso los datos de car\u00e1cter personal que usted ponga a su disposici\u00f3n para prestar servicios a terceros distintos a los referidos en el apartado b) del presente documento o, en su caso, para lograr una utilidad propia.<\/li>\n<li>El Usuario certifica que es mayor de 14 a\u00f1os y que por lo tanto posee la capacidad legal necesaria para la prestaci\u00f3n del consentimiento en cuanto al tratamiento de sus datos de car\u00e1cter personal y todo ello, de conformidad con lo establecido en la presente Pol\u00edtica de Privacidad.<\/li>\n<li>El Usuario puede, en todo momento, ejercitar los derechos de acceso, rectificaci\u00f3n, cancelaci\u00f3n y oposici\u00f3n sobre sus datos personales as\u00ed como el de revocaci\u00f3n del consentimiento para cualquier de las finalidades antes se\u00f1aladas, enviando a la EMPRESA carta debidamente firmada a nuestra direcci\u00f3n postal, arriba indicada, donde consten claramente los datos de contacto, a la cual deber\u00e1 acompa\u00f1arse fotocopia de su DNI\/NIF o documento que acredite su identidad, o bien, remitiendo un email acompa\u00f1ando los mismos datos y documentos a la direcci\u00f3n de correo <a href=\"mailto:fuentepino@fuentepino.com\">fuentepino@fuentepino.com<\/a><\/li>\n<li>El Usuario autoriza al tratamiento automatizado de los datos personales suministrados en los t\u00e9rminos indicad Para ello pulse el bot\u00f3n \u201cENVIAR\u201d que se encuentra tras el formulario de recogida de datos.<\/li>\n<\/ol>\n<p><\/p>","protected":false},"excerpt":{"rendered":"<p>SAT N. 8369 FUENTE EL PINO, con NIF. F-46.620.126 (en delante, la \u201cEMPRESA\u201d) es el titular del sitio web www.fuenteelpino.com (en adelante el \u201cSitio Web\u201d), [&hellip;]<\/p>\n","protected":false},"author":1,"featured_media":0,"parent":0,"menu_order":0,"comment_status":"closed","ping_status":"closed","template":"","meta":{"_acf_changed":false,"footnotes":""},"class_list":["post-208","page","type-page","status-publish","hentry"],"acf":[],"aioseo_notices":[],"_links":{"self":[{"href":"https:\/\/fuenteelpino.com\/en\/wp-json\/wp\/v2\/pages\/208","targetHints":{"allow":["GET"]}}],"collection":[{"href":"https:\/\/fuenteelpino.com\/en\/wp-json\/wp\/v2\/pages"}],"about":[{"href":"https:\/\/fuenteelpino.com\/en\/wp-json\/wp\/v2\/types\/page"}],"author":[{"embeddable":true,"href":"https:\/\/fuenteelpino.com\/en\/wp-json\/wp\/v2\/users\/1"}],"replies":[{"embeddable":true,"href":"https:\/\/fuenteelpino.com\/en\/wp-json\/wp\/v2\/comments?post=208"}],"version-history":[{"count":3,"href":"https:\/\/fuenteelpino.com\/en\/wp-json\/wp\/v2\/pages\/208\/revisions"}],"predecessor-version":[{"id":255,"href":"https:\/\/fuenteelpino.com\/en\/wp-json\/wp\/v2\/pages\/208\/revisions\/255"}],"wp:attachment":[{"href":"https:\/\/fuenteelpino.com\/en\/wp-json\/wp\/v2\/media?parent=208"}],"curies":[{"name":"wp","href":"https:\/\/api.w.org\/{rel}","templated":true}]}}